{"id":5309,"date":"2021-02-28T14:53:30","date_gmt":"2021-02-28T17:53:30","guid":{"rendered":"http:\/\/aaesam.com.ar\/sitio\/?page_id=5309"},"modified":"2026-01-19T11:30:07","modified_gmt":"2026-01-19T14:30:07","slug":"preguntas-frecuentes","status":"publish","type":"page","link":"https:\/\/aaesam.com.ar\/sitio\/preguntas-frecuentes\/","title":{"rendered":"Preguntas Frecuentes"},"content":{"rendered":"\t\t<div data-elementor-type=\"wp-page\" data-elementor-id=\"5309\" class=\"elementor elementor-5309\">\n\t\t\t\t<div class=\"elementor-element elementor-element-095a3ad e-flex e-con-boxed e-con e-parent\" data-id=\"095a3ad\" data-element_type=\"container\">\n\t\t\t\t\t<div class=\"e-con-inner\">\n\t\t<div class=\"elementor-element elementor-element-acc196f e-con-full e-flex e-con e-child\" data-id=\"acc196f\" data-element_type=\"container\">\n\t\t\t\t<div class=\"elementor-element elementor-element-194a6b4 elementor-widget elementor-widget-text-editor\" data-id=\"194a6b4\" data-element_type=\"widget\" data-widget_type=\"text-editor.default\">\n\t\t\t\t\t\t\t\t\t<ul><li><b>\u00bfC\u00f3mo me inscribo?<\/b><\/li><\/ul><p>Entrando a <a href=\"http:\/\/www.aaesam.com.ar\">www.aaesam.com.ar<\/a>, seleccionando el idioma y haciendo clic sobre el horario elegido, se accede al formulario de inscripci\u00f3n. Es necesario adjuntar el comprobante de pago. Los datos para realizar la transferencia se encuentran en el formulario.<\/p><ul><li><b>\u00bfC\u00f3mo s\u00e9 en qu\u00e9 nivel debo inscribirme?<\/b><\/li><\/ul><p>Quienes tienen conocimientos previos del idioma deben realizar un test de nivel. El test se realiza online, sin cargo.\u00a0 S\u00f3lo es necesario solicitar el link de acceso por mail o WhatsApp.<\/p><ul><li><b>\u00bfCu\u00e1l es el costo de los cursos?<\/b><\/li><\/ul><p>El costo de los cursos var\u00eda seg\u00fan la duraci\u00f3n y la carga horaria de los mismos. Adem\u00e1s, hay descuentos para empleados municipales y estudiantes (o menores de 30 a\u00f1os). Tambi\u00e9n hay promociones especiales por abonar el curso en un solo pago. Es por eso que les sugerimos que se comuniquen a trav\u00e9s del mail o WhatsApp para brindarles la informaci\u00f3n correcta, seg\u00fan cada caso.<\/p><ul><li><b>\u00bfQui\u00e9nes pueden realizar los cursos?<\/b><\/li><\/ul><p>Los cursos est\u00e1n dirigidos a todas las personas entre 18 y 65 a\u00f1os.<\/p><ul><li><b>\u00bfSe dictan clases presenciales?<\/b><\/li><\/ul><p>Hay dos formas de cursado: presencial o virtual.<\/p><ul><li><b>\u00bfDebo comprar alg\u00fan libro?<\/b><\/li><\/ul><p>Los materiales que se utilizan son digitales y se incluyen en el curso. No es necesario comprar ning\u00fan libro. En el caso de los cursos presenciales, el mismo se entrega durante el cursado.<\/p><ul><li><b>\u00bfQu\u00e9 son las clases sincr\u00f3nicas y las clases asincr\u00f3nicas de los cursos virtuales?<\/b><\/li><\/ul><p>Las <b>clases sincr\u00f3nicas<\/b> son aquellas en las que estudiantes y docente se encuentran de manera virtual, conect\u00e1ndose al mismo tiempo por videoconferencia. En estos encuentros se realiza la pr\u00e1ctica de las competencias orales, de manera que cada estudiante tenga oportunidad de interactuar con la docente y con sus compa\u00f1eras y compa\u00f1eros y de poner en pr\u00e1ctica los contenidos aprendidos. Al mismo tiempo, puede realizar consultas y evacuar dudas.<\/p><p>Las <b>clases asincr\u00f3nicas<\/b> son aquellas en las que los y las estudiantes aprenden sin estar conectados, a trav\u00e9s del material subido por las docentes a la plataforma Google Classroom. Este material consiste en apuntes, videos, gr\u00e1ficos, ejemplos y ejercitaci\u00f3n autodirigida. Estas clases permiten que cada estudiante aprenda a su ritmo ya que puede re-leer, volver a ver los videos o escuchar los audios las veces que necesite, etc. Estas clases cuentan tambi\u00e9n con el seguimiento de las docentes y se pueden evacuar las dudas tanto de manera escrita en la misma plataforma, como en los encuentros sincr\u00f3nicos.<\/p><p>Adem\u00e1s de estas instancias, proporcionamos ejercitaci\u00f3n complementaria autodirigida que cada estudiante puede resolver y luego autocorregirse, ya que se incluyen las respuestas.<\/p><ul><li><b>\u00bfQu\u00e9 plataformas se utilizan para los cursos?<\/b><\/li><\/ul><p>Las clases sincr\u00f3nicas se realizan por Google Meet y la plataforma para las clases asincr\u00f3nicas y ejercitaci\u00f3n es Google Classroom. Son herramientas de libre acceso y al comenzar el curso les enviamos un instructivo para quienes utilizan estas herramientas por primera vez. Adem\u00e1s, los cursos incluyen tutor\u00edas personalizadas para asistirlos en el uso de las nuevas herramientas.<\/p><ul><li><b>\u00bfEs necesario tener conocimientos de inform\u00e1tica para hacer cursos virtuales?<\/b><\/li><\/ul><p>Tanto Meet como Classroom son herramientas muy sencillas de usar. De todas maneras, los cursos incluyen tutor\u00edas personalizadas para asistir a quienes tienen menos experiencia en el uso de nuevas tecnolog\u00edas y acompa\u00f1arlos en el cursado para resolver cualquier inconveniente.<\/p><ul><li><b>\u00bfQu\u00e9 recursos necesito para poder acceder a los cursos virtuales?<\/b><\/li><\/ul><p>Se puede acceder desde cualquier dispositivo: notebook, Tablet, celular o PC.\u00a0 Para las clases sincr\u00f3nicas por Google Meet es importante contar con audio y micr\u00f3fono para poder participar de la clase, ya que es cuando se realiza la pr\u00e1ctica de las competencias comunicativas de manera oral.<\/p><ul><li><b>\u00a0\u00bfSe graban las clases sincr\u00f3nicas?<\/b><\/li><\/ul><p>Las clases sincr\u00f3nicas no se graban, pero se registran las actividades realizadas y se suben al Classroom, junto con las clases te\u00f3ricas y la ejercitaci\u00f3n complementaria.<\/p>\t\t\t\t\t\t\t\t<\/div>\n\t\t\t\t<\/div>\n\t\t\t\t\t<\/div>\n\t\t\t\t<\/div>\n\t\t\t\t<\/div>\n\t\t","protected":false},"excerpt":{"rendered":"<p>\u00bfC\u00f3mo me inscribo? Entrando a www.aaesam.com.ar, seleccionando el idioma y haciendo clic sobre el horario elegido, se accede al formulario de inscripci\u00f3n. Es necesario adjuntar el comprobante de pago. Los datos para realizar la transferencia se encuentran en el formulario. \u00bfC\u00f3mo s\u00e9 en qu\u00e9 nivel debo inscribirme? Quienes tienen conocimientos previos del idioma deben realizar [&hellip;]<\/p>\n","protected":false},"author":6,"featured_media":0,"parent":0,"menu_order":0,"comment_status":"closed","ping_status":"closed","template":"","meta":{"footnotes":""},"class_list":["post-5309","page","type-page","status-publish","hentry"],"_links":{"self":[{"href":"https:\/\/aaesam.com.ar\/sitio\/wp-json\/wp\/v2\/pages\/5309","targetHints":{"allow":["GET"]}}],"collection":[{"href":"https:\/\/aaesam.com.ar\/sitio\/wp-json\/wp\/v2\/pages"}],"about":[{"href":"https:\/\/aaesam.com.ar\/sitio\/wp-json\/wp\/v2\/types\/page"}],"author":[{"embeddable":true,"href":"https:\/\/aaesam.com.ar\/sitio\/wp-json\/wp\/v2\/users\/6"}],"replies":[{"embeddable":true,"href":"https:\/\/aaesam.com.ar\/sitio\/wp-json\/wp\/v2\/comments?post=5309"}],"version-history":[{"count":15,"href":"https:\/\/aaesam.com.ar\/sitio\/wp-json\/wp\/v2\/pages\/5309\/revisions"}],"predecessor-version":[{"id":14422,"href":"https:\/\/aaesam.com.ar\/sitio\/wp-json\/wp\/v2\/pages\/5309\/revisions\/14422"}],"wp:attachment":[{"href":"https:\/\/aaesam.com.ar\/sitio\/wp-json\/wp\/v2\/media?parent=5309"}],"curies":[{"name":"wp","href":"https:\/\/api.w.org\/{rel}","templated":true}]}}