{"id":1883,"date":"2016-12-29T17:34:59","date_gmt":"2016-12-29T17:34:59","guid":{"rendered":"http:\/\/aaesam.com.ar\/sitio\/?page_id=1883"},"modified":"2020-06-04T14:32:45","modified_gmt":"2020-06-04T14:32:45","slug":"material-de-estudio","status":"publish","type":"page","link":"https:\/\/aaesam.com.ar\/sitio\/material-de-estudio\/","title":{"rendered":"MATERIAL DE ESTUDIO"},"content":{"rendered":"<h4><span style=\"color: #ff9900\">INGL\u00c9S<\/span><\/h4>\n<p><a href=\"https:\/\/aaesam.com.ar\/sitio\/?p=1896\">Ingl\u00e9s NIVEL 1<\/a><\/p>\n<p><a href=\"https:\/\/aaesam.com.ar\/sitio\/?p=1898\">Ingl\u00e9s NIVEL 2<\/a><\/p>\n<p><a href=\"https:\/\/aaesam.com.ar\/sitio\/?p=1900\">Ingl\u00e9s NIVEL 3<\/a><\/p>\n<p><a href=\"https:\/\/aaesam.com.ar\/sitio\/?p=1902\">Ingl\u00e9s NIVEL 4<\/a><\/p>\n<p><a href=\"https:\/\/aaesam.com.ar\/sitio\/?p=1904\">Ingl\u00e9s NIVEL 5<\/a><\/p>\n<p><a href=\"https:\/\/aaesam.com.ar\/sitio\/?p=1880\">Ingl\u00e9s NIVEL 6<\/a><\/p>\n<p><a href=\"https:\/\/aaesam.com.ar\/sitio\/?p=1906\">Ingl\u00e9s NIVEL 7<\/a><\/p>\n<p><a href=\"https:\/\/aaesam.com.ar\/sitio\/?p=1908\">Ingl\u00e9s NIVEL 8<\/a><\/p>\n<p><a href=\"https:\/\/aaesam.com.ar\/sitio\/?p=1910\">Ingl\u00e9s NIVEL 9<\/a><\/p>\n<p><a href=\"https:\/\/aaesam.com.ar\/sitio\/?p=1912\">Ingl\u00e9s NIVEL 10<\/a><\/p>\n<p><a href=\"https:\/\/aaesam.com.ar\/sitio\/material-de-estudio-perfeccionamiento-y-conversacion\/\">Ingl\u00e9s Perfeccionamiento y Conversaci\u00f3n<\/a><\/p>\n<hr \/>\n<h4><span style=\"color: #ff9900\">FRANC\u00c9S<\/span><\/h4>\n<p><a href=\"https:\/\/aaesam.com.ar\/sitio\/?p=1916\">Franc\u00e9s NIVEL 1<\/a><\/p>\n<p><a href=\"https:\/\/aaesam.com.ar\/sitio\/?p=1918\">Franc\u00e9s NIVEL 2<\/a><\/p>\n<p><a href=\"https:\/\/aaesam.com.ar\/sitio\/?p=1920\">Franc\u00e9s NIVEL 3<\/a><\/p>\n<p><a href=\"https:\/\/aaesam.com.ar\/sitio\/?p=1922\">Franc\u00e9s NIVEL 4<\/a><\/p>\n<p><a href=\"https:\/\/aaesam.com.ar\/sitio\/?p=1924\">Franc\u00e9s NIVEL 5<\/a><\/p>\n<hr \/>\n<h4><span style=\"color: #ff9900\">ITALIANO<\/span><\/h4>\n<p><a href=\"https:\/\/aaesam.com.ar\/sitio\/material-de-estudio-italiano-nivel-1\/\">Italiano NIVEL 1<\/a><\/p>\n<p><a href=\"https:\/\/aaesam.com.ar\/sitio\/material-de-estudio-italiano-nivel-2\/\">Italiano NIVEL 2<\/a><\/p>\n<p><a href=\"https:\/\/aaesam.com.ar\/sitio\/?p=1932\">Italiano NIVEL 3<\/a><\/p>\n<p><a href=\"https:\/\/aaesam.com.ar\/sitio\/material-de-estudio-italiano-nivel-4\/\">Italiano NIVEL 4<\/a><\/p>\n<p><a href=\"https:\/\/aaesam.com.ar\/sitio\/?p=1936\">Italiano NIVEL 5<\/a><\/p>\n<p><a href=\"https:\/\/aaesam.com.ar\/sitio\/material-de-estudio-italiano-conversacion\/\">Italiano Conversaci\u00f3n<\/a><\/p>\n<hr \/>\n<h4><span style=\"color: #ff9900\">PORTUGU\u00c9S<\/span><\/h4>\n<p><a href=\"https:\/\/aaesam.com.ar\/sitio\/?p=1940\">Portugu\u00e9s NIVEL 1<\/a><\/p>\n<p><a href=\"https:\/\/aaesam.com.ar\/sitio\/?p=1942\">Portugu\u00e9s NIVEL 2<\/a><\/p>\n<p><a href=\"https:\/\/aaesam.com.ar\/sitio\/?p=1944\">Portugu\u00e9s NIVEL 3<\/a><\/p>\n<p><a href=\"https:\/\/aaesam.com.ar\/sitio\/?p=1946\">Portugu\u00e9s NIVEL 4<\/a><\/p>\n<p><a href=\"https:\/\/aaesam.com.ar\/sitio\/?p=1948\">Portugu\u00e9s NIVEL 5<\/a><\/p>\n","protected":false},"excerpt":{"rendered":"<p>INGL\u00c9S Ingl\u00e9s NIVEL 1 Ingl\u00e9s NIVEL 2 Ingl\u00e9s NIVEL 3 Ingl\u00e9s NIVEL 4 Ingl\u00e9s NIVEL 5 Ingl\u00e9s NIVEL 6 Ingl\u00e9s NIVEL 7 Ingl\u00e9s NIVEL 8 Ingl\u00e9s NIVEL 9 Ingl\u00e9s NIVEL 10 Ingl\u00e9s Perfeccionamiento y Conversaci\u00f3n FRANC\u00c9S Franc\u00e9s NIVEL 1 Franc\u00e9s NIVEL 2 Franc\u00e9s NIVEL 3 Franc\u00e9s NIVEL 4 Franc\u00e9s NIVEL 5 ITALIANO Italiano NIVEL 1 [&hellip;]<\/p>\n","protected":false},"author":3,"featured_media":0,"parent":0,"menu_order":0,"comment_status":"closed","ping_status":"closed","template":"","meta":{"footnotes":""},"class_list":["post-1883","page","type-page","status-publish","hentry"],"_links":{"self":[{"href":"https:\/\/aaesam.com.ar\/sitio\/wp-json\/wp\/v2\/pages\/1883","targetHints":{"allow":["GET"]}}],"collection":[{"href":"https:\/\/aaesam.com.ar\/sitio\/wp-json\/wp\/v2\/pages"}],"about":[{"href":"https:\/\/aaesam.com.ar\/sitio\/wp-json\/wp\/v2\/types\/page"}],"author":[{"embeddable":true,"href":"https:\/\/aaesam.com.ar\/sitio\/wp-json\/wp\/v2\/users\/3"}],"replies":[{"embeddable":true,"href":"https:\/\/aaesam.com.ar\/sitio\/wp-json\/wp\/v2\/comments?post=1883"}],"version-history":[{"count":15,"href":"https:\/\/aaesam.com.ar\/sitio\/wp-json\/wp\/v2\/pages\/1883\/revisions"}],"predecessor-version":[{"id":3892,"href":"https:\/\/aaesam.com.ar\/sitio\/wp-json\/wp\/v2\/pages\/1883\/revisions\/3892"}],"wp:attachment":[{"href":"https:\/\/aaesam.com.ar\/sitio\/wp-json\/wp\/v2\/media?parent=1883"}],"curies":[{"name":"wp","href":"https:\/\/api.w.org\/{rel}","templated":true}]}}