{"id":1623,"date":"2016-02-09T20:46:07","date_gmt":"2016-02-09T20:46:07","guid":{"rendered":"http:\/\/aaesam.com.ar\/sitio\/?page_id=1623"},"modified":"2016-02-09T20:50:38","modified_gmt":"2016-02-09T20:50:38","slug":"nuestra-comision-directiva-2015-2016","status":"publish","type":"page","link":"https:\/\/aaesam.com.ar\/sitio\/nuestra-comision-directiva-2015-2016\/","title":{"rendered":"Nuestra Comisi\u00f3n Directiva 2015 &#8211; 2016"},"content":{"rendered":"<p style=\"padding-left: 150px;\"><strong>Juan Ram\u00edrez<\/strong><br \/>\nPresidente<\/p>\n<p style=\"padding-left: 150px;\"><strong>Viviana Montoya<\/strong><br \/>\nVice-Presidente<\/p>\n<p style=\"padding-left: 150px;\"><strong>Silvia Porta<\/strong><br \/>\nSecretaria<\/p>\n<p style=\"padding-left: 150px;\"><strong>Roberto Ruiz<\/strong><br \/>\nTesorero<\/p>\n<p style=\"padding-left: 150px;\"><strong>Ricardo Pacilio<\/strong><br \/>\n1\u00ba Vocal<\/p>\n<p style=\"padding-left: 150px;\"><strong>Diego Beretta<\/strong><br \/>\n2\u00ba Vocal<\/p>\n<p style=\"padding-left: 150px;\"><strong>Fernando Laredo<\/strong><br \/>\n1\u00ba Vocal suplente<\/p>\n<p style=\"padding-left: 150px;\"><strong>V\u00edctor S\u00e1nchez<\/strong><br \/>\nS\u00edndico<\/p>\n<p style=\"padding-left: 150px;\"><strong>Yanira Pujals<\/strong><br \/>\nS\u00edndico Suplente<\/p>\n","protected":false},"excerpt":{"rendered":"<p>Juan Ram\u00edrez Presidente Viviana Montoya Vice-Presidente Silvia Porta Secretaria Roberto Ruiz Tesorero Ricardo Pacilio 1\u00ba Vocal Diego Beretta 2\u00ba Vocal Fernando Laredo 1\u00ba Vocal suplente V\u00edctor S\u00e1nchez S\u00edndico Yanira Pujals S\u00edndico Suplente<\/p>\n","protected":false},"author":3,"featured_media":0,"parent":0,"menu_order":0,"comment_status":"closed","ping_status":"closed","template":"","meta":{"footnotes":""},"class_list":["post-1623","page","type-page","status-publish","hentry"],"_links":{"self":[{"href":"https:\/\/aaesam.com.ar\/sitio\/wp-json\/wp\/v2\/pages\/1623","targetHints":{"allow":["GET"]}}],"collection":[{"href":"https:\/\/aaesam.com.ar\/sitio\/wp-json\/wp\/v2\/pages"}],"about":[{"href":"https:\/\/aaesam.com.ar\/sitio\/wp-json\/wp\/v2\/types\/page"}],"author":[{"embeddable":true,"href":"https:\/\/aaesam.com.ar\/sitio\/wp-json\/wp\/v2\/users\/3"}],"replies":[{"embeddable":true,"href":"https:\/\/aaesam.com.ar\/sitio\/wp-json\/wp\/v2\/comments?post=1623"}],"version-history":[{"count":4,"href":"https:\/\/aaesam.com.ar\/sitio\/wp-json\/wp\/v2\/pages\/1623\/revisions"}],"predecessor-version":[{"id":1628,"href":"https:\/\/aaesam.com.ar\/sitio\/wp-json\/wp\/v2\/pages\/1623\/revisions\/1628"}],"wp:attachment":[{"href":"https:\/\/aaesam.com.ar\/sitio\/wp-json\/wp\/v2\/media?parent=1623"}],"curies":[{"name":"wp","href":"https:\/\/api.w.org\/{rel}","templated":true}]}}