{"id":1558,"date":"2022-02-14T08:00:26","date_gmt":"2022-02-14T11:00:26","guid":{"rendered":"http:\/\/aaesam.com.ar\/sitio\/?page_id=1558"},"modified":"2025-07-07T08:14:55","modified_gmt":"2025-07-07T11:14:55","slug":"inscripciones","status":"publish","type":"page","link":"https:\/\/aaesam.com.ar\/sitio\/inscripciones\/","title":{"rendered":"INSCRIPCIONES 2\u00ba Cuatrimestre 2025"},"content":{"rendered":"<h5>La AAESAM ofrece cursos cuatrimestrales de idiomas, tanto regulares como de conversaci\u00f3n, destinados a agentes municipales y p\u00fablico en general.<\/h5>\n<h4>Formularios de Inscripci\u00f3n:<\/h4>\n<p>Las inscripciones al <strong>2\u00ba cuatrimestre 2025<\/strong> (agosto-noviembre) comienzan el 07\/07.<\/p>\n<p>Para mayor informaci\u00f3n, puede comunicarse al <strong>WhatsApp:<\/strong> <span style=\"color: #ff6600;\"><a style=\"color: #ff6600;\" href=\"https:\/\/api.whatsapp.com\/send?phone=5493415211095\"><span style=\"color: #ff9900;\"><strong>341 5211095\u00a0<\/strong><\/span><\/a><\/span><\/p>\n<h5>TEST DE NIVEL<\/h5>\n<p>Quienes poseen conocimientos previos del idioma y no desean comenzar en el nivel\u00a0 inicial, deben rendir un examen de diagn\u00f3stico sin cargo. Una vez determinado el nivel al que ingresan, se podr\u00e1 hacer efectiva la inscripci\u00f3n.<\/p>\n<p>Para solicitar test de nivel escribir al <strong>WhatsApp: <span style=\"color: #ff9900;\"><a style=\"color: #ff9900;\" href=\"https:\/\/api.whatsapp.com\/send?phone=5493415211095\">341 5211095<\/a><\/span><\/strong><\/p>\n<h3><span style=\"color: #009291;\"><strong>INGLES<\/strong><\/span><\/h3>\n<ul>\n<li><a href=\"https:\/\/aaesam.com.ar\/sitio\/formularios-de-inscripcion-ingles-virtual\/\"><strong><span style=\"color: #04bdbd;\"><u>Modalidad Virtual<\/u><\/span><\/strong><\/a><\/li>\n<li><a href=\"https:\/\/aaesam.com.ar\/sitio\/formularios-de-inscripcion-ingles-presencial\/\"><strong><u><span style=\"color: #04bdbd;\">Modalidad Presencial<\/span><\/u><\/strong><\/a><\/li>\n<\/ul>\n<h3><span style=\"color: #e4325a;\"><strong>ITALIANO<\/strong><\/span><\/h3>\n<ul>\n<li><a href=\"https:\/\/aaesam.com.ar\/sitio\/formularios-inscripcion-italiano-presencial\/\"><strong><u><span style=\"color: #f56987;\">Modalidad Presencial<\/span><\/u><\/strong><\/a><\/li>\n<li><a href=\"https:\/\/aaesam.com.ar\/sitio\/formularios-de-inscripcion-italiano-virtual\/\"><strong><u><span style=\"color: #f56987;\">Modalidad Virtual<\/span><\/u><\/strong><\/a><\/li>\n<\/ul>\n<h3><strong><span style=\"color: #605bee;\">PORTUGU\u00c9S<\/span><\/strong><\/h3>\n<ul>\n<li><span style=\"color: #4214b8;\"><a style=\"color: #4214b8;\" href=\"https:\/\/aaesam.com.ar\/sitio\/formularios-de-inscripcion-portugues-presencial\/\">Modalidad Presencial<\/a><\/span><\/li>\n<li><a href=\"https:\/\/aaesam.com.ar\/sitio\/formularios-de-inscripcion-portugues\/\"><span style=\"color: #4214b8;\">Modalidad Virtual<\/span><\/a><\/li>\n<\/ul>\n","protected":false},"excerpt":{"rendered":"<p>La AAESAM ofrece cursos cuatrimestrales de idiomas, tanto regulares como de conversaci\u00f3n, destinados a agentes municipales y p\u00fablico en general. Formularios de Inscripci\u00f3n: Las inscripciones al 2\u00ba cuatrimestre 2025 (agosto-noviembre) comienzan el 07\/07. Para mayor informaci\u00f3n, puede comunicarse al WhatsApp: 341 5211095\u00a0 TEST DE NIVEL Quienes poseen conocimientos previos del idioma y no desean comenzar [&hellip;]<\/p>\n","protected":false},"author":3,"featured_media":0,"parent":0,"menu_order":0,"comment_status":"closed","ping_status":"closed","template":"","meta":{"footnotes":""},"class_list":["post-1558","page","type-page","status-publish","hentry"],"_links":{"self":[{"href":"https:\/\/aaesam.com.ar\/sitio\/wp-json\/wp\/v2\/pages\/1558","targetHints":{"allow":["GET"]}}],"collection":[{"href":"https:\/\/aaesam.com.ar\/sitio\/wp-json\/wp\/v2\/pages"}],"about":[{"href":"https:\/\/aaesam.com.ar\/sitio\/wp-json\/wp\/v2\/types\/page"}],"author":[{"embeddable":true,"href":"https:\/\/aaesam.com.ar\/sitio\/wp-json\/wp\/v2\/users\/3"}],"replies":[{"embeddable":true,"href":"https:\/\/aaesam.com.ar\/sitio\/wp-json\/wp\/v2\/comments?post=1558"}],"version-history":[{"count":71,"href":"https:\/\/aaesam.com.ar\/sitio\/wp-json\/wp\/v2\/pages\/1558\/revisions"}],"predecessor-version":[{"id":13684,"href":"https:\/\/aaesam.com.ar\/sitio\/wp-json\/wp\/v2\/pages\/1558\/revisions\/13684"}],"wp:attachment":[{"href":"https:\/\/aaesam.com.ar\/sitio\/wp-json\/wp\/v2\/media?parent=1558"}],"curies":[{"name":"wp","href":"https:\/\/api.w.org\/{rel}","templated":true}]}}