{"id":1544,"date":"2016-02-09T13:55:03","date_gmt":"2016-02-09T13:55:03","guid":{"rendered":"http:\/\/aaesam.com.ar\/sitio\/?page_id=1544"},"modified":"2022-05-05T10:47:09","modified_gmt":"2022-05-05T13:47:09","slug":"socios","status":"publish","type":"page","link":"https:\/\/aaesam.com.ar\/sitio\/socios\/","title":{"rendered":"SOCIOS"},"content":{"rendered":"<h5><span style=\"color: #333333;\">\u00a0<strong>\u00bfQui\u00e9nes pueden asociarse?<\/strong><\/span><\/h5>\n<ul>\n<li>Personal de la Municipalidad de Rosario<\/li>\n<\/ul>\n<hr \/>\n<h5><span style=\"color: #333333;\"><strong>\u00bfC\u00f3mo se efect\u00faa el tr\u00e1mite?<\/strong><\/span><\/h5>\n<p>Mediante un formulario sencillo que puede descargarse y entregarse\u00a0en la ESAM.<\/p>\n<p><a href=\"https:\/\/aaesam.com.ar\/sitio\/wp-content\/uploads\/2013\/08\/Formulario-socios.pdf\"><img decoding=\"async\" class=\"alignleft wp-image-1840\" src=\"https:\/\/aaesam.com.ar\/sitio\/wp-content\/uploads\/2016\/02\/Icono-Formulario.jpg\" width=\"50\" height=\"50\" \/><\/a><\/p>\n<p><span style=\"color: #545454; text-decoration: underline;\"><a style=\"color: #545454; text-decoration: underline;\" href=\"https:\/\/aaesam.com.ar\/sitio\/wp-content\/uploads\/2013\/08\/Formulario-socios.pdf\" target=\"_blank\" rel=\"noopener\">Descargar formulario<\/a><\/span><span style=\"color: #0000ff;\"><em><span style=\"color: #545454;\">\u00a0<\/span> \u00a0\u00a0<\/em><\/span><\/p>\n<hr \/>\n<h5><span style=\"color: #333333;\">\u00bfQu\u00e9 compromisos asume el Socio?<\/span><\/h5>\n<ul>\n<li>El aporte de una m\u00ednima cuota mensual, retenida a trav\u00e9s del recibo de haberes, en caso de pertenecer a la Municipalidad de Rosario.<\/li>\n<li>Si lo desea, puede acercarse a las reuniones mensuales de Comisi\u00f3n e integrar alguno de los grupos de trabajo<\/li>\n<\/ul>\n<hr \/>\n<h5><span style=\"color: #333333;\">\u00bfQu\u00e9 beneficios supone asociarse?<\/span><\/h5>\n<ul>\n<li><span style=\"color: #ff6600;\"><strong>::: NUEVO :::\u00a0 Aranceles especiales en cursos de Idiomas para Socios y familiares directos<\/strong><\/span><\/li>\n<li>Colaborar con la ESAM en el logro de sus objetivos formativos y culturales<\/li>\n<li>Obtener ciertas ventajas en algunas de las propuestas de capacitaci\u00f3n que organiza la AAESAM<\/li>\n<\/ul>\n","protected":false},"excerpt":{"rendered":"<p>\u00a0\u00bfQui\u00e9nes pueden asociarse? Personal de la Municipalidad de Rosario \u00bfC\u00f3mo se efect\u00faa el tr\u00e1mite? Mediante un formulario sencillo que puede descargarse y entregarse\u00a0en la ESAM. Descargar formulario\u00a0 \u00a0\u00a0 \u00bfQu\u00e9 compromisos asume el Socio? El aporte de una m\u00ednima cuota mensual, retenida a trav\u00e9s del recibo de haberes, en caso de pertenecer a la Municipalidad de [&hellip;]<\/p>\n","protected":false},"author":3,"featured_media":0,"parent":0,"menu_order":0,"comment_status":"closed","ping_status":"open","template":"","meta":{"footnotes":""},"class_list":["post-1544","page","type-page","status-publish","hentry"],"_links":{"self":[{"href":"https:\/\/aaesam.com.ar\/sitio\/wp-json\/wp\/v2\/pages\/1544","targetHints":{"allow":["GET"]}}],"collection":[{"href":"https:\/\/aaesam.com.ar\/sitio\/wp-json\/wp\/v2\/pages"}],"about":[{"href":"https:\/\/aaesam.com.ar\/sitio\/wp-json\/wp\/v2\/types\/page"}],"author":[{"embeddable":true,"href":"https:\/\/aaesam.com.ar\/sitio\/wp-json\/wp\/v2\/users\/3"}],"replies":[{"embeddable":true,"href":"https:\/\/aaesam.com.ar\/sitio\/wp-json\/wp\/v2\/comments?post=1544"}],"version-history":[{"count":13,"href":"https:\/\/aaesam.com.ar\/sitio\/wp-json\/wp\/v2\/pages\/1544\/revisions"}],"predecessor-version":[{"id":7877,"href":"https:\/\/aaesam.com.ar\/sitio\/wp-json\/wp\/v2\/pages\/1544\/revisions\/7877"}],"wp:attachment":[{"href":"https:\/\/aaesam.com.ar\/sitio\/wp-json\/wp\/v2\/media?parent=1544"}],"curies":[{"name":"wp","href":"https:\/\/api.w.org\/{rel}","templated":true}]}}