{"id":1504,"date":"2016-02-09T12:17:14","date_gmt":"2016-02-09T12:17:14","guid":{"rendered":"http:\/\/aaesam.com.ar\/sitio\/?page_id=1504"},"modified":"2026-02-09T09:50:29","modified_gmt":"2026-02-09T12:50:29","slug":"idiomas","status":"publish","type":"page","link":"https:\/\/aaesam.com.ar\/sitio\/idiomas\/","title":{"rendered":"Idiomas"},"content":{"rendered":"\t\t<div data-elementor-type=\"wp-page\" data-elementor-id=\"1504\" class=\"elementor elementor-1504\">\n\t\t\t\t<div class=\"elementor-element elementor-element-72db07a e-flex e-con-boxed e-con e-parent\" data-id=\"72db07a\" data-element_type=\"container\">\n\t\t\t\t\t<div class=\"e-con-inner\">\n\t\t<div class=\"elementor-element elementor-element-72e8b9c e-con-full e-flex e-con e-child\" data-id=\"72e8b9c\" data-element_type=\"container\">\n\t\t\t\t<div class=\"elementor-element elementor-element-b03c26c elementor-widget elementor-widget-image\" data-id=\"b03c26c\" data-element_type=\"widget\" data-widget_type=\"image.default\">\n\t\t\t\t\t\t\t\t\t\t\t\t\t\t\t<img fetchpriority=\"high\" decoding=\"async\" width=\"1200\" height=\"539\" src=\"https:\/\/aaesam.com.ar\/sitio\/wp-content\/uploads\/2026\/01\/Portada-Idiomas.jpg\" class=\"attachment-full size-full wp-image-14454\" alt=\"\" srcset=\"https:\/\/aaesam.com.ar\/sitio\/wp-content\/uploads\/2026\/01\/Portada-Idiomas.jpg 1200w, https:\/\/aaesam.com.ar\/sitio\/wp-content\/uploads\/2026\/01\/Portada-Idiomas-300x135.jpg 300w, https:\/\/aaesam.com.ar\/sitio\/wp-content\/uploads\/2026\/01\/Portada-Idiomas-1024x460.jpg 1024w, https:\/\/aaesam.com.ar\/sitio\/wp-content\/uploads\/2026\/01\/Portada-Idiomas-768x345.jpg 768w, https:\/\/aaesam.com.ar\/sitio\/wp-content\/uploads\/2026\/01\/Portada-Idiomas-24x11.jpg 24w, https:\/\/aaesam.com.ar\/sitio\/wp-content\/uploads\/2026\/01\/Portada-Idiomas-36x16.jpg 36w, https:\/\/aaesam.com.ar\/sitio\/wp-content\/uploads\/2026\/01\/Portada-Idiomas-48x22.jpg 48w\" sizes=\"(max-width: 1200px) 100vw, 1200px\" \/>\t\t\t\t\t\t\t\t\t\t\t\t\t\t\t<\/div>\n\t\t\t\t<div class=\"elementor-element elementor-element-b136579 elementor-widget elementor-widget-text-editor\" data-id=\"b136579\" data-element_type=\"widget\" data-widget_type=\"text-editor.default\">\n\t\t\t\t\t\t\t\t\t<p>La AAESAM ofrece cursos y talleres en diferentes modalidades destinados a agentes municipales y p\u00fablico general.<\/p><p>Las propuestas var\u00edan seg\u00fan el idioma. Se ofrecen cursos regulares, adem\u00e1s de talleres de pr\u00e1ctica y conversaci\u00f3n. Con metodolog\u00edas dise\u00f1adas especialmente seg\u00fan la modalidad de cursado, <strong>virtual<\/strong> o <strong>presencial<\/strong>.<\/p><ul><li><a href=\"https:\/\/aaesam.com.ar\/sitio\/ingles\/\"><span style=\"color: #04aad4;\"><strong>Ingl\u00e9s<\/strong><\/span><\/a><strong><br \/><\/strong><\/li><li><a href=\"https:\/\/aaesam.com.ar\/sitio\/italiano\/\"><strong><span style=\"color: #e0025b;\">Italiano<\/span><\/strong><\/a><\/li><li><a href=\"https:\/\/aaesam.com.ar\/sitio\/portugues\/\"><strong><span style=\"color: #800080;\">Portugu\u00e9s<\/span><\/strong><\/a><\/li><\/ul><h4>\u00a0<\/h4>\t\t\t\t\t\t\t\t<\/div>\n\t\t\t\t<\/div>\n\t\t\t\t\t<\/div>\n\t\t\t\t<\/div>\n\t\t\t\t<\/div>\n\t\t","protected":false},"excerpt":{"rendered":"<p>La AAESAM ofrece cursos y talleres en diferentes modalidades destinados a agentes municipales y p\u00fablico general. Las propuestas var\u00edan seg\u00fan el idioma. Se ofrecen cursos regulares, adem\u00e1s de talleres de pr\u00e1ctica y conversaci\u00f3n. Con metodolog\u00edas dise\u00f1adas especialmente seg\u00fan la modalidad de cursado, virtual o presencial. Ingl\u00e9s Italiano Portugu\u00e9s \u00a0<\/p>\n","protected":false},"author":3,"featured_media":0,"parent":0,"menu_order":0,"comment_status":"closed","ping_status":"open","template":"","meta":{"footnotes":""},"class_list":["post-1504","page","type-page","status-publish","hentry"],"_links":{"self":[{"href":"https:\/\/aaesam.com.ar\/sitio\/wp-json\/wp\/v2\/pages\/1504","targetHints":{"allow":["GET"]}}],"collection":[{"href":"https:\/\/aaesam.com.ar\/sitio\/wp-json\/wp\/v2\/pages"}],"about":[{"href":"https:\/\/aaesam.com.ar\/sitio\/wp-json\/wp\/v2\/types\/page"}],"author":[{"embeddable":true,"href":"https:\/\/aaesam.com.ar\/sitio\/wp-json\/wp\/v2\/users\/3"}],"replies":[{"embeddable":true,"href":"https:\/\/aaesam.com.ar\/sitio\/wp-json\/wp\/v2\/comments?post=1504"}],"version-history":[{"count":61,"href":"https:\/\/aaesam.com.ar\/sitio\/wp-json\/wp\/v2\/pages\/1504\/revisions"}],"predecessor-version":[{"id":14581,"href":"https:\/\/aaesam.com.ar\/sitio\/wp-json\/wp\/v2\/pages\/1504\/revisions\/14581"}],"wp:attachment":[{"href":"https:\/\/aaesam.com.ar\/sitio\/wp-json\/wp\/v2\/media?parent=1504"}],"curies":[{"name":"wp","href":"https:\/\/api.w.org\/{rel}","templated":true}]}}