{"id":14426,"date":"2026-01-19T11:38:28","date_gmt":"2026-01-19T14:38:28","guid":{"rendered":"https:\/\/aaesam.com.ar\/sitio\/?page_id=14426"},"modified":"2026-01-19T11:47:55","modified_gmt":"2026-01-19T14:47:55","slug":"faq-preguntas-frecuentes","status":"publish","type":"page","link":"https:\/\/aaesam.com.ar\/sitio\/faq-preguntas-frecuentes\/","title":{"rendered":"FAQ (Preguntas Frecuentes)"},"content":{"rendered":"\t\t<div data-elementor-type=\"wp-page\" data-elementor-id=\"14426\" class=\"elementor elementor-14426\">\n\t\t\t\t<div class=\"elementor-element elementor-element-12fc7f5 e-flex e-con-boxed e-con e-parent\" data-id=\"12fc7f5\" data-element_type=\"container\">\n\t\t\t\t\t<div class=\"e-con-inner\">\n\t\t\t\t<div class=\"elementor-element elementor-element-9a37b9d elementor-widget elementor-widget-text-editor\" data-id=\"9a37b9d\" data-element_type=\"widget\" data-widget_type=\"text-editor.default\">\n\t\t\t\t\t\t\t\t\t<p>La<strong> AAESAM<\/strong> es la Asociaci\u00f3n de Amigos de la\u00a0Escuela Superior de Administraci\u00f3n Municipal de la Municipalidad de Rosario (Santa fe, Argentina).<\/p>\t\t\t\t\t\t\t\t<\/div>\n\t\t\t\t<div class=\"elementor-element elementor-element-04b9bea e-n-tabs-mobile elementor-widget elementor-widget-n-tabs\" data-id=\"04b9bea\" data-element_type=\"widget\" data-widget_type=\"nested-tabs.default\">\n\t\t\t\t\t\t\t<div class=\"e-n-tabs\" data-widget-number=\"4955114\" aria-label=\"Pesta\u00f1as. Abre elementos con Intro o Espacio, ci\u00e9rralos con Escape y navega con las fechas.\">\n\t\t\t<div class=\"e-n-tabs-heading\" role=\"tablist\">\n\t\t\t\t\t<button id=\"e-n-tab-title-49551141\" data-tab-title-id=\"e-n-tab-title-49551141\" class=\"e-n-tab-title\" aria-selected=\"true\" data-tab-index=\"1\" role=\"tab\" tabindex=\"0\" aria-controls=\"e-n-tab-content-49551141\" style=\"--n-tabs-title-order: 1;\">\n\t\t\t\t\t\t<span class=\"e-n-tab-title-text\">\n\t\t\t\t\u00bfC\u00f3mo me inscribo?\t\t\t<\/span>\n\t\t<\/button>\n\t\t\t\t<button id=\"e-n-tab-title-49551142\" data-tab-title-id=\"e-n-tab-title-49551142\" class=\"e-n-tab-title\" aria-selected=\"false\" data-tab-index=\"2\" role=\"tab\" tabindex=\"-1\" aria-controls=\"e-n-tab-content-49551142\" style=\"--n-tabs-title-order: 2;\">\n\t\t\t\t\t\t<span class=\"e-n-tab-title-text\">\n\t\t\t\t\u00bfC\u00f3mo s\u00e9 en qu\u00e9 nivel debo inscribirme?\t\t\t<\/span>\n\t\t<\/button>\n\t\t\t\t<button id=\"e-n-tab-title-49551143\" data-tab-title-id=\"e-n-tab-title-49551143\" class=\"e-n-tab-title\" aria-selected=\"false\" data-tab-index=\"3\" role=\"tab\" tabindex=\"-1\" aria-controls=\"e-n-tab-content-49551143\" style=\"--n-tabs-title-order: 3;\">\n\t\t\t\t\t\t<span class=\"e-n-tab-title-text\">\n\t\t\t\t\u00bfCu\u00e1l es el costo de los cursos?\t\t\t<\/span>\n\t\t<\/button>\n\t\t\t\t<button id=\"e-n-tab-title-49551144\" data-tab-title-id=\"e-n-tab-title-49551144\" class=\"e-n-tab-title\" aria-selected=\"false\" data-tab-index=\"4\" role=\"tab\" tabindex=\"-1\" aria-controls=\"e-n-tab-content-49551144\" style=\"--n-tabs-title-order: 4;\">\n\t\t\t\t\t\t<span class=\"e-n-tab-title-text\">\n\t\t\t\t\u00bfQui\u00e9nes pueden realizar los cursos?\t\t\t<\/span>\n\t\t<\/button>\n\t\t\t\t<button id=\"e-n-tab-title-49551145\" data-tab-title-id=\"e-n-tab-title-49551145\" class=\"e-n-tab-title\" aria-selected=\"false\" data-tab-index=\"5\" role=\"tab\" tabindex=\"-1\" aria-controls=\"e-n-tab-content-49551145\" style=\"--n-tabs-title-order: 5;\">\n\t\t\t\t\t\t<span class=\"e-n-tab-title-text\">\n\t\t\t\t\u00bfSe dictan clases presenciales?\t\t\t<\/span>\n\t\t<\/button>\n\t\t\t\t<button id=\"e-n-tab-title-49551146\" data-tab-title-id=\"e-n-tab-title-49551146\" class=\"e-n-tab-title\" aria-selected=\"false\" data-tab-index=\"6\" role=\"tab\" tabindex=\"-1\" aria-controls=\"e-n-tab-content-49551146\" style=\"--n-tabs-title-order: 6;\">\n\t\t\t\t\t\t<span class=\"e-n-tab-title-text\">\n\t\t\t\t\u00bfDebo comprar alg\u00fan libro?\t\t\t<\/span>\n\t\t<\/button>\n\t\t\t\t<button id=\"e-n-tab-title-49551147\" data-tab-title-id=\"e-n-tab-title-49551147\" class=\"e-n-tab-title\" aria-selected=\"false\" data-tab-index=\"7\" role=\"tab\" tabindex=\"-1\" aria-controls=\"e-n-tab-content-49551147\" style=\"--n-tabs-title-order: 7;\">\n\t\t\t\t\t\t<span class=\"e-n-tab-title-text\">\n\t\t\t\t\u00bfQu\u00e9 son las clases sincr\u00f3nicas y las clases asincr\u00f3nicas de los cursos virtuales?\t\t\t<\/span>\n\t\t<\/button>\n\t\t\t\t<button id=\"e-n-tab-title-49551148\" data-tab-title-id=\"e-n-tab-title-49551148\" class=\"e-n-tab-title\" aria-selected=\"false\" data-tab-index=\"8\" role=\"tab\" tabindex=\"-1\" aria-controls=\"e-n-tab-content-49551148\" style=\"--n-tabs-title-order: 8;\">\n\t\t\t\t\t\t<span class=\"e-n-tab-title-text\">\n\t\t\t\t\u00bfQu\u00e9 plataformas se utilizan para los cursos?\t\t\t<\/span>\n\t\t<\/button>\n\t\t\t\t<button id=\"e-n-tab-title-49551149\" data-tab-title-id=\"e-n-tab-title-49551149\" class=\"e-n-tab-title\" aria-selected=\"false\" data-tab-index=\"9\" role=\"tab\" tabindex=\"-1\" aria-controls=\"e-n-tab-content-49551149\" style=\"--n-tabs-title-order: 9;\">\n\t\t\t\t\t\t<span class=\"e-n-tab-title-text\">\n\t\t\t\t\u00bfEs necesario tener conocimientos de inform\u00e1tica para hacer cursos virtuales?\t\t\t<\/span>\n\t\t<\/button>\n\t\t\t\t<button id=\"e-n-tab-title-495511410\" data-tab-title-id=\"e-n-tab-title-495511410\" class=\"e-n-tab-title\" aria-selected=\"false\" data-tab-index=\"10\" role=\"tab\" tabindex=\"-1\" aria-controls=\"e-n-tab-content-495511410\" style=\"--n-tabs-title-order: 10;\">\n\t\t\t\t\t\t<span class=\"e-n-tab-title-text\">\n\t\t\t\t\u00bfQu\u00e9 recursos necesito para poder acceder a los cursos virtuales?\t\t\t<\/span>\n\t\t<\/button>\n\t\t\t\t<button id=\"e-n-tab-title-495511411\" data-tab-title-id=\"e-n-tab-title-495511411\" class=\"e-n-tab-title\" aria-selected=\"false\" data-tab-index=\"11\" role=\"tab\" tabindex=\"-1\" aria-controls=\"e-n-tab-content-495511411\" style=\"--n-tabs-title-order: 11;\">\n\t\t\t\t\t\t<span class=\"e-n-tab-title-text\">\n\t\t\t\t \u00bfSe graban las clases sincr\u00f3nicas?\t\t\t<\/span>\n\t\t<\/button>\n\t\t\t\t\t<\/div>\n\t\t\t<div class=\"e-n-tabs-content\">\n\t\t\t\t<div id=\"e-n-tab-content-49551141\" role=\"tabpanel\" aria-labelledby=\"e-n-tab-title-49551141\" data-tab-index=\"1\" style=\"--n-tabs-title-order: 1;\" class=\"e-active elementor-element elementor-element-d205017 e-con-full e-flex e-con e-child\" data-id=\"d205017\" data-element_type=\"container\">\n\t\t\t\t<div class=\"elementor-element elementor-element-8e1c0be elementor-widget elementor-widget-text-editor\" data-id=\"8e1c0be\" data-element_type=\"widget\" data-widget_type=\"text-editor.default\">\n\t\t\t\t\t\t\t\t\t<p>Entrando a <span style=\"color: #0000ff;\"><strong><a style=\"color: #0000ff;\" href=\"http:\/\/www.aaesam.com.ar\">www.aaesam.com.ar<\/a><\/strong><\/span>, seleccionando el idioma y haciendo clic sobre el horario elegido, se accede al formulario de inscripci\u00f3n. Es necesario adjuntar el comprobante de pago. Los datos para realizar la transferencia se encuentran en el formulario.<\/p>\t\t\t\t\t\t\t\t<\/div>\n\t\t\t\t<\/div>\n\t\t<div id=\"e-n-tab-content-49551142\" role=\"tabpanel\" aria-labelledby=\"e-n-tab-title-49551142\" data-tab-index=\"2\" style=\"--n-tabs-title-order: 2;\" class=\" elementor-element elementor-element-bacbdd2 e-con-full e-flex e-con e-child\" data-id=\"bacbdd2\" data-element_type=\"container\">\n\t\t\t\t<div class=\"elementor-element elementor-element-b9860b3 elementor-widget elementor-widget-text-editor\" data-id=\"b9860b3\" data-element_type=\"widget\" data-widget_type=\"text-editor.default\">\n\t\t\t\t\t\t\t\t\t<p>Quienes tienen conocimientos previos del idioma deben realizar un test de nivel. El test se realiza online, sin cargo.\u00a0 S\u00f3lo es necesario solicitar el link de acceso por mail o WhatsApp.<\/p><p>\u00a0<\/p>\t\t\t\t\t\t\t\t<\/div>\n\t\t\t\t<\/div>\n\t\t<div id=\"e-n-tab-content-49551143\" role=\"tabpanel\" aria-labelledby=\"e-n-tab-title-49551143\" data-tab-index=\"3\" style=\"--n-tabs-title-order: 3;\" class=\" elementor-element elementor-element-acafc08 e-con-full e-flex e-con e-child\" data-id=\"acafc08\" data-element_type=\"container\">\n\t\t\t\t<div class=\"elementor-element elementor-element-7b8c0af elementor-widget elementor-widget-text-editor\" data-id=\"7b8c0af\" data-element_type=\"widget\" data-widget_type=\"text-editor.default\">\n\t\t\t\t\t\t\t\t\t<p>El costo de los cursos var\u00eda seg\u00fan la duraci\u00f3n y la carga horaria de los mismos. Adem\u00e1s, hay descuentos para empleados municipales y estudiantes (o menores de 30 a\u00f1os). Tambi\u00e9n hay promociones especiales por abonar el curso en un solo pago. Es por eso que les sugerimos que se comuniquen a trav\u00e9s del mail o WhatsApp para brindarles la informaci\u00f3n correcta, seg\u00fan cada caso.<\/p>\t\t\t\t\t\t\t\t<\/div>\n\t\t\t\t<\/div>\n\t\t<div id=\"e-n-tab-content-49551144\" role=\"tabpanel\" aria-labelledby=\"e-n-tab-title-49551144\" data-tab-index=\"4\" style=\"--n-tabs-title-order: 4;\" class=\" elementor-element elementor-element-278c4c6 e-flex e-con-boxed e-con e-child\" data-id=\"278c4c6\" data-element_type=\"container\">\n\t\t\t\t\t<div class=\"e-con-inner\">\n\t\t\t\t<div class=\"elementor-element elementor-element-7753b90 elementor-widget elementor-widget-text-editor\" data-id=\"7753b90\" data-element_type=\"widget\" data-widget_type=\"text-editor.default\">\n\t\t\t\t\t\t\t\t\t<p>Los cursos est\u00e1n dirigidos a todas las personas entre 18 y 65 a\u00f1os.<\/p>\t\t\t\t\t\t\t\t<\/div>\n\t\t\t\t\t<\/div>\n\t\t\t\t<\/div>\n\t\t<div id=\"e-n-tab-content-49551145\" role=\"tabpanel\" aria-labelledby=\"e-n-tab-title-49551145\" data-tab-index=\"5\" style=\"--n-tabs-title-order: 5;\" class=\" elementor-element elementor-element-2241543 e-flex e-con-boxed e-con e-child\" data-id=\"2241543\" data-element_type=\"container\">\n\t\t\t\t\t<div class=\"e-con-inner\">\n\t\t\t\t<div class=\"elementor-element elementor-element-b449dfa elementor-widget elementor-widget-text-editor\" data-id=\"b449dfa\" data-element_type=\"widget\" data-widget_type=\"text-editor.default\">\n\t\t\t\t\t\t\t\t\t<p>Hay dos formas de cursado: presencial o virtual.<\/p>\t\t\t\t\t\t\t\t<\/div>\n\t\t\t\t\t<\/div>\n\t\t\t\t<\/div>\n\t\t<div id=\"e-n-tab-content-49551146\" role=\"tabpanel\" aria-labelledby=\"e-n-tab-title-49551146\" data-tab-index=\"6\" style=\"--n-tabs-title-order: 6;\" class=\" elementor-element elementor-element-778acc2 e-flex e-con-boxed e-con e-child\" data-id=\"778acc2\" data-element_type=\"container\">\n\t\t\t\t\t<div class=\"e-con-inner\">\n\t\t\t\t<div class=\"elementor-element elementor-element-6226a42 elementor-widget elementor-widget-text-editor\" data-id=\"6226a42\" data-element_type=\"widget\" data-widget_type=\"text-editor.default\">\n\t\t\t\t\t\t\t\t\t<p>Los materiales que se utilizan son digitales y se incluyen en el curso. No es necesario comprar ning\u00fan libro. En el caso de los cursos presenciales, el mismo se entrega durante el cursado.<\/p>\t\t\t\t\t\t\t\t<\/div>\n\t\t\t\t\t<\/div>\n\t\t\t\t<\/div>\n\t\t<div id=\"e-n-tab-content-49551147\" role=\"tabpanel\" aria-labelledby=\"e-n-tab-title-49551147\" data-tab-index=\"7\" style=\"--n-tabs-title-order: 7;\" class=\" elementor-element elementor-element-81b3e2c e-flex e-con-boxed e-con e-child\" data-id=\"81b3e2c\" data-element_type=\"container\">\n\t\t\t\t\t<div class=\"e-con-inner\">\n\t\t\t\t<div class=\"elementor-element elementor-element-11ccb5a elementor-widget elementor-widget-text-editor\" data-id=\"11ccb5a\" data-element_type=\"widget\" data-widget_type=\"text-editor.default\">\n\t\t\t\t\t\t\t\t\t<p>Las <strong>clases sincr\u00f3nicas<\/strong> son aquellas en las que estudiantes y docente se encuentran de manera virtual, conect\u00e1ndose al mismo tiempo por videoconferencia. En estos encuentros se realiza la pr\u00e1ctica de las competencias orales, de manera que cada estudiante tenga oportunidad de interactuar con la docente y con sus compa\u00f1eras y compa\u00f1eros y de poner en pr\u00e1ctica los contenidos aprendidos. Al mismo tiempo, puede realizar consultas y evacuar dudas.<\/p><p>Las <strong>clases asincr\u00f3nicas<\/strong> son aquellas en las que los y las estudiantes aprenden sin estar conectados, a trav\u00e9s del material subido por las docentes a la plataforma Google Classroom. Este material consiste en apuntes, videos, gr\u00e1ficos, ejemplos y ejercitaci\u00f3n autodirigida. Estas clases permiten que cada estudiante aprenda a su ritmo ya que puede re-leer, volver a ver los videos o escuchar los audios las veces que necesite, etc. Estas clases cuentan tambi\u00e9n con el seguimiento de las docentes y se pueden evacuar las dudas tanto de manera escrita en la misma plataforma, como en los encuentros sincr\u00f3nicos.<\/p><p>Adem\u00e1s de estas instancias, proporcionamos ejercitaci\u00f3n complementaria autodirigida que cada estudiante puede resolver y luego autocorregirse, ya que se incluyen las respuestas.<\/p>\t\t\t\t\t\t\t\t<\/div>\n\t\t\t\t\t<\/div>\n\t\t\t\t<\/div>\n\t\t<div id=\"e-n-tab-content-49551148\" role=\"tabpanel\" aria-labelledby=\"e-n-tab-title-49551148\" data-tab-index=\"8\" style=\"--n-tabs-title-order: 8;\" class=\" elementor-element elementor-element-fdb25cc e-flex e-con-boxed e-con e-child\" data-id=\"fdb25cc\" data-element_type=\"container\">\n\t\t\t\t\t<div class=\"e-con-inner\">\n\t\t\t\t<div class=\"elementor-element elementor-element-4687d82 elementor-widget elementor-widget-text-editor\" data-id=\"4687d82\" data-element_type=\"widget\" data-widget_type=\"text-editor.default\">\n\t\t\t\t\t\t\t\t\t<p>Las clases sincr\u00f3nicas se realizan por Google Meet y la plataforma para las clases asincr\u00f3nicas y ejercitaci\u00f3n es Google Classroom. Son herramientas de libre acceso y al comenzar el curso les enviamos un instructivo para quienes utilizan estas herramientas por primera vez. Adem\u00e1s, los cursos incluyen tutor\u00edas personalizadas para asistirlos en el uso de las nuevas herramientas.<\/p>\t\t\t\t\t\t\t\t<\/div>\n\t\t\t\t\t<\/div>\n\t\t\t\t<\/div>\n\t\t<div id=\"e-n-tab-content-49551149\" role=\"tabpanel\" aria-labelledby=\"e-n-tab-title-49551149\" data-tab-index=\"9\" style=\"--n-tabs-title-order: 9;\" class=\" elementor-element elementor-element-050a876 e-flex e-con-boxed e-con e-child\" data-id=\"050a876\" data-element_type=\"container\">\n\t\t\t\t\t<div class=\"e-con-inner\">\n\t\t\t\t<div class=\"elementor-element elementor-element-e7046f5 elementor-widget elementor-widget-text-editor\" data-id=\"e7046f5\" data-element_type=\"widget\" data-widget_type=\"text-editor.default\">\n\t\t\t\t\t\t\t\t\t<p>Tanto Meet como Classroom son herramientas muy sencillas de usar. De todas maneras, los cursos incluyen tutor\u00edas personalizadas para asistir a quienes tienen menos experiencia en el uso de nuevas tecnolog\u00edas y acompa\u00f1arlos en el cursado para resolver cualquier inconveniente.<\/p>\t\t\t\t\t\t\t\t<\/div>\n\t\t\t\t\t<\/div>\n\t\t\t\t<\/div>\n\t\t<div id=\"e-n-tab-content-495511410\" role=\"tabpanel\" aria-labelledby=\"e-n-tab-title-495511410\" data-tab-index=\"10\" style=\"--n-tabs-title-order: 10;\" class=\" elementor-element elementor-element-40e1feb e-flex e-con-boxed e-con e-child\" data-id=\"40e1feb\" data-element_type=\"container\">\n\t\t\t\t\t<div class=\"e-con-inner\">\n\t\t\t\t<div class=\"elementor-element elementor-element-4398d1e elementor-widget elementor-widget-text-editor\" data-id=\"4398d1e\" data-element_type=\"widget\" data-widget_type=\"text-editor.default\">\n\t\t\t\t\t\t\t\t\t<p>Se puede acceder desde cualquier dispositivo: notebook, Tablet, celular o PC.\u00a0 Para las clases sincr\u00f3nicas por Google Meet es importante contar con audio y micr\u00f3fono para poder participar de la clase, ya que es cuando se realiza la pr\u00e1ctica de las competencias comunicativas de manera oral.<\/p>\t\t\t\t\t\t\t\t<\/div>\n\t\t\t\t\t<\/div>\n\t\t\t\t<\/div>\n\t\t<div id=\"e-n-tab-content-495511411\" role=\"tabpanel\" aria-labelledby=\"e-n-tab-title-495511411\" data-tab-index=\"11\" style=\"--n-tabs-title-order: 11;\" class=\" elementor-element elementor-element-4588fe2 e-flex e-con-boxed e-con e-child\" data-id=\"4588fe2\" data-element_type=\"container\">\n\t\t\t\t\t<div class=\"e-con-inner\">\n\t\t\t\t<div class=\"elementor-element elementor-element-16c3d51 elementor-widget elementor-widget-text-editor\" data-id=\"16c3d51\" data-element_type=\"widget\" data-widget_type=\"text-editor.default\">\n\t\t\t\t\t\t\t\t\t<p>Las clases sincr\u00f3nicas no se graban, pero se registran las actividades realizadas y se suben al Classroom, junto con las clases te\u00f3ricas y la ejercitaci\u00f3n complementaria.<\/p>\t\t\t\t\t\t\t\t<\/div>\n\t\t\t\t\t<\/div>\n\t\t\t\t<\/div>\n\t\t\t\t\t<\/div>\n\t\t<\/div>\n\t\t\t\t\t\t<\/div>\n\t\t\t\t\t<\/div>\n\t\t\t\t<\/div>\n\t\t\t\t<\/div>\n\t\t","protected":false},"excerpt":{"rendered":"<p>La AAESAM es la Asociaci\u00f3n de Amigos de la\u00a0Escuela Superior de Administraci\u00f3n Municipal de la Municipalidad de Rosario (Santa fe, Argentina). \u00bfC\u00f3mo me inscribo? \u00bfC\u00f3mo s\u00e9 en qu\u00e9 nivel debo inscribirme? \u00bfCu\u00e1l es el costo de los cursos? \u00bfQui\u00e9nes pueden realizar los cursos? \u00bfSe dictan clases presenciales? \u00bfDebo comprar alg\u00fan libro? \u00bfQu\u00e9 son las clases [&hellip;]<\/p>\n","protected":false},"author":6,"featured_media":0,"parent":0,"menu_order":0,"comment_status":"closed","ping_status":"closed","template":"","meta":{"footnotes":""},"class_list":["post-14426","page","type-page","status-publish","hentry"],"_links":{"self":[{"href":"https:\/\/aaesam.com.ar\/sitio\/wp-json\/wp\/v2\/pages\/14426","targetHints":{"allow":["GET"]}}],"collection":[{"href":"https:\/\/aaesam.com.ar\/sitio\/wp-json\/wp\/v2\/pages"}],"about":[{"href":"https:\/\/aaesam.com.ar\/sitio\/wp-json\/wp\/v2\/types\/page"}],"author":[{"embeddable":true,"href":"https:\/\/aaesam.com.ar\/sitio\/wp-json\/wp\/v2\/users\/6"}],"replies":[{"embeddable":true,"href":"https:\/\/aaesam.com.ar\/sitio\/wp-json\/wp\/v2\/comments?post=14426"}],"version-history":[{"count":9,"href":"https:\/\/aaesam.com.ar\/sitio\/wp-json\/wp\/v2\/pages\/14426\/revisions"}],"predecessor-version":[{"id":14435,"href":"https:\/\/aaesam.com.ar\/sitio\/wp-json\/wp\/v2\/pages\/14426\/revisions\/14435"}],"wp:attachment":[{"href":"https:\/\/aaesam.com.ar\/sitio\/wp-json\/wp\/v2\/media?parent=14426"}],"curies":[{"name":"wp","href":"https:\/\/api.w.org\/{rel}","templated":true}]}}