{"id":14286,"date":"2026-01-15T11:37:59","date_gmt":"2026-01-15T14:37:59","guid":{"rendered":"https:\/\/aaesam.com.ar\/sitio\/?page_id=14286"},"modified":"2026-01-21T11:17:10","modified_gmt":"2026-01-21T14:17:10","slug":"portugues","status":"publish","type":"page","link":"https:\/\/aaesam.com.ar\/sitio\/portugues\/","title":{"rendered":"Portugu\u00e9s"},"content":{"rendered":"\t\t<div data-elementor-type=\"wp-page\" data-elementor-id=\"14286\" class=\"elementor elementor-14286\">\n\t\t\t\t<div class=\"elementor-element elementor-element-a1b0eb8 e-flex e-con-boxed e-con e-parent\" data-id=\"a1b0eb8\" data-element_type=\"container\">\n\t\t\t\t\t<div class=\"e-con-inner\">\n\t\t\t\t<div class=\"elementor-element elementor-element-cd750ea elementor-widget elementor-widget-text-editor\" data-id=\"cd750ea\" data-element_type=\"widget\" data-widget_type=\"text-editor.default\">\n\t\t\t\t\t\t\t\t\t<p>Las modalidades de los cursos de portugu\u00e9s son <strong>VIRTUAL y PRESENCIAL (Nivel 1 y 2)<\/strong>.<\/p>\t\t\t\t\t\t\t\t<\/div>\n\t\t\t\t\t<\/div>\n\t\t\t\t<\/div>\n\t\t<div class=\"elementor-element elementor-element-0434c27 e-flex e-con-boxed e-con e-parent\" data-id=\"0434c27\" data-element_type=\"container\">\n\t\t\t\t\t<div class=\"e-con-inner\">\n\t\t<div class=\"elementor-element elementor-element-e8ad86e e-con-full e-flex e-con e-child\" data-id=\"e8ad86e\" data-element_type=\"container\" data-settings=\"{&quot;background_background&quot;:&quot;classic&quot;}\">\n\t\t\t\t<div class=\"elementor-element elementor-element-7dafcb8 elementor-widget elementor-widget-heading\" data-id=\"7dafcb8\" data-element_type=\"widget\" data-widget_type=\"heading.default\">\n\t\t\t\t\t<h2 class=\"elementor-heading-title elementor-size-default\">\nLas inscripciones al 1\u00ba cuatrimestre 2026 comienzan el 9 de febrero. INICIO DE CLASES: 16 de marzo\n<\/h2>\t\t\t\t<\/div>\n\t\t\t\t<\/div>\n\t\t\t\t<div class=\"elementor-element elementor-element-eb6d67a e-n-tabs-mobile elementor-widget elementor-widget-n-tabs\" data-id=\"eb6d67a\" data-element_type=\"widget\" data-settings=\"{&quot;horizontal_scroll&quot;:&quot;disable&quot;}\" data-widget_type=\"nested-tabs.default\">\n\t\t\t\t\t\t\t<div class=\"e-n-tabs\" data-widget-number=\"246863482\" aria-label=\"Pesta\u00f1as. Abre elementos con Intro o Espacio, ci\u00e9rralos con Escape y navega con las fechas.\">\n\t\t\t<div class=\"e-n-tabs-heading\" role=\"tablist\">\n\t\t\t\t\t<button id=\"e-n-tab-title-2468634821\" data-tab-title-id=\"e-n-tab-title-2468634821\" class=\"e-n-tab-title\" aria-selected=\"true\" data-tab-index=\"1\" role=\"tab\" tabindex=\"0\" aria-controls=\"e-n-tab-content-2468634821\" style=\"--n-tabs-title-order: 1;\">\n\t\t\t\t\t\t<span class=\"e-n-tab-title-text\">\n\t\t\t\tPRESENCIAL\t\t\t<\/span>\n\t\t<\/button>\n\t\t\t\t<button id=\"e-n-tab-title-2468634822\" data-tab-title-id=\"e-n-tab-title-2468634822\" class=\"e-n-tab-title\" aria-selected=\"false\" data-tab-index=\"2\" role=\"tab\" tabindex=\"-1\" aria-controls=\"e-n-tab-content-2468634822\" style=\"--n-tabs-title-order: 2;\">\n\t\t\t\t\t\t<span class=\"e-n-tab-title-text\">\n\t\t\t\tVIRTUAL\t\t\t<\/span>\n\t\t<\/button>\n\t\t\t\t\t<\/div>\n\t\t\t<div class=\"e-n-tabs-content\">\n\t\t\t\t<div id=\"e-n-tab-content-2468634821\" role=\"tabpanel\" aria-labelledby=\"e-n-tab-title-2468634821\" data-tab-index=\"1\" style=\"--n-tabs-title-order: 1;\" class=\"e-active elementor-element elementor-element-8e1d443 e-con-full e-flex e-con e-child\" data-id=\"8e1d443\" data-element_type=\"container\" data-settings=\"{&quot;background_background&quot;:&quot;classic&quot;}\">\n\t\t\t\t<div class=\"elementor-element elementor-element-038f391 elementor-widget elementor-widget-text-editor\" data-id=\"038f391\" data-element_type=\"widget\" data-widget_type=\"text-editor.default\">\n\t\t\t\t\t\t\t\t\t<p>La tradicional forma de ense\u00f1anza denominada educaci\u00f3n presencial tiene como metodolog\u00eda b\u00e1sica las clases en vivo, con horarios fijos e interacci\u00f3n entre docente y estudiantes en tiempo real y en el mismo lugar.<\/p><h5><strong>CURSOS REGULARES<\/strong><\/h5><p>Desde un enfoque comunicativo, las clases son te\u00f3rico \u2013 pr\u00e1cticas,\u00a0 centradas en la participaci\u00f3n activa de los\/as estudiantes. Durante la clase presencial la docente presenta el tema y se trabaja con diferentes propuestas did\u00e1cticas para poner en pr\u00e1ctica el tema presentado y evacuar dudas. Las clases se complementan con ejercitaci\u00f3n que cada estudiante puede realizar de manera aut\u00f3noma con material proporcionado por su docente.<\/p><ul><li><strong>Frecuencia:<\/strong> 1 encuentro semanal.<\/li><li><strong>Duraci\u00f3n:<\/strong> cuatrimestral<\/li><li><a href=\"https:\/\/aaesam.com.ar\/sitio\/niveles-de-portugues-marco-comun-de-referencia\/\"><strong>4 niveles cuatrimestrales.<\/strong> <\/a>Tiene una evaluaci\u00f3n al finalizar cada nivel y se otorga certificado de aprobaci\u00f3n.<\/li><\/ul>\t\t\t\t\t\t\t\t<\/div>\n\t\t\t\t<\/div>\n\t\t<div id=\"e-n-tab-content-2468634822\" role=\"tabpanel\" aria-labelledby=\"e-n-tab-title-2468634822\" data-tab-index=\"2\" style=\"--n-tabs-title-order: 2;\" class=\" elementor-element elementor-element-6a1d6b6 e-con-full e-flex e-con e-child\" data-id=\"6a1d6b6\" data-element_type=\"container\" data-settings=\"{&quot;background_background&quot;:&quot;classic&quot;}\">\n\t\t\t\t<div class=\"elementor-element elementor-element-adfeaa7 elementor-widget elementor-widget-text-editor\" data-id=\"adfeaa7\" data-element_type=\"widget\" data-widget_type=\"text-editor.default\">\n\t\t\t\t\t\t\t\t\t<p>La modalidad virtual permite que las personas aprendan y participen de las clases desde cualquier lugar. La propuesta que hemos dise\u00f1ado brinda mayor autonom\u00eda al estudiante como protagonista de su proceso de aprendizaje, pero al mismo tiempo posibilita la interacci\u00f3n entre compa\u00f1eros\/as y con la docente.<\/p><p>En los cursos virtuales se combinan dos tipos principales de aprendizaje: <strong>sincr\u00f3nico<\/strong> y <strong>asincr\u00f3nico<\/strong>. En el aprendizaje <strong>sincr\u00f3nico<\/strong> hay una interacci\u00f3n entre docente y estudiantes, quienes pueden interactuar con el profesor y con sus compa\u00f1eros. Las consultas pueden hacerse durante la clase online y son resueltas all\u00ed mismo.<\/p><p>El aprendizaje <strong>asincr\u00f3nico<\/strong> es aqu\u00e9l que puede llevarse a cabo estando desconectados a trav\u00e9s de videos, material o recursos previamente proporcionados por el docente. Cada persona aprende a su propio ritmo y maneja su tiempo para cursar, es decir que no existe una comunicaci\u00f3n en tiempo real, pero ofrece la posibilidad de que los aportes de los usuarios se registren en la plataforma virtual d\u00e1ndole la oportunidad a que el estudiante gestione su propio aprendizaje.<\/p><h5><strong>CURSOS REGULARES<\/strong><\/h5><p>Los cursos regulares est\u00e1n diagramados en m\u00f3dulos tem\u00e1ticos, cada uno de los cuales se compone de una clase asincr\u00f3nica en la que se presenta el tema, con ejemplos, videos, cuadros, etc. Esta clase puede ser realizada por cada alumno\/a en el horario que desee.<\/p><p>Adem\u00e1s tendr\u00e1n 2 encuentros sincr\u00f3nicos semanales con una docente online, en los que pondr\u00e1n en pr\u00e1ctica los contenidos, pueden hacer consultas y evacuar dudas.<\/p><p>Finalmente, en la plataforma tendr\u00e1n ejercitaci\u00f3n con materiales digitales y consignas que cada estudiante deber\u00e1 completar y enviar.<\/p><p>El dise\u00f1o de los recursos did\u00e1cticos para el entorno virtual es una caracter\u00edstica importante de esta modalidad. Dado que la mayor parte del trabajo es aut\u00f3nomo, el dise\u00f1o de dichos recursos, con los que va a interactuar el estudiante, resulta clave y es importante que gu\u00ede y motive al estudiante en un proceso aut\u00f3nomo de aprendizaje.<\/p><ul><li><strong>Frecuencia:<\/strong> 1 encuentro semanal sincr\u00f3nico por Google Meet\u00a0 + una clase asincr\u00f3nica (incluye presentaci\u00f3n de los temas, pr\u00e1ctica dirigida y pr\u00e1ctica extra optativa) por Google Classroom.<\/li><li><strong>Duraci\u00f3n:<\/strong> cuatrimestral<\/li><li><a href=\"https:\/\/aaesam.com.ar\/sitio\/niveles-de-italiano-marco-comun-de-referencia\/\"><strong>4 niveles cuatrimestrales<\/strong>. <\/a>Tiene una evaluaci\u00f3n al finalizar cada nivel y se otorga certificado de aprobaci\u00f3n.\u00a0\u00a0<\/li><li><strong>Inicio<\/strong>: \u00a0El d\u00eda previo a la fecha de inicio, recibir\u00e1 un correo con el link y la contrase\u00f1a para acceder a los enlaces de las clases de Google Meet y Google Classroom.<\/li><\/ul><h5>\u00a0<\/h5><h5><strong>TALLER DE CONVERSACI\u00d3N<\/strong><\/h5><p>Los talleres de conversaci\u00f3n est\u00e1n dirigidos a personas que tengan conocimientos del idioma y deseen mejorar sus competencias comunicativas en portugu\u00e9s, tales como fluidez, pronunciaci\u00f3n, comprensi\u00f3n y expresi\u00f3n oral. Se trabaja a partir de tem\u00e1ticas y materiales variados, en grupos reducidos, focalizando en la participaci\u00f3n de los\/as estudiantes.<\/p><p>Se extienden certificados de asistencia. Se requieren conocimientos previos.<\/p><ul><li><strong>Duraci\u00f3n: 1 cuatrimestre<\/strong>.<\/li><li><strong>Frecuencia:<\/strong> 1 encuentro sincr\u00f3nico semanal por Google Meet.<\/li><li><strong>Nivel m\u00ednimo requerido:<\/strong> <strong><a href=\"https:\/\/aaesam.com.ar\/sitio\/niveles-de-idiomas-marco-comun-de-referencia\/\">A2\/B1<\/a>\u00a0<\/strong><strong>(equivale a nivel 4 aprobado)<\/strong><\/li><\/ul>\t\t\t\t\t\t\t\t<\/div>\n\t\t\t\t<\/div>\n\t\t\t\t\t<\/div>\n\t\t<\/div>\n\t\t\t\t\t\t<\/div>\n\t\t\t\t\t<\/div>\n\t\t\t\t<\/div>\n\t\t<div class=\"elementor-element elementor-element-a6d160c e-flex e-con-boxed e-con e-parent\" data-id=\"a6d160c\" data-element_type=\"container\">\n\t\t\t\t\t<div class=\"e-con-inner\">\n\t\t\t\t<div class=\"elementor-element elementor-element-38fe4ad elementor-widget elementor-widget-text-editor\" data-id=\"38fe4ad\" data-element_type=\"widget\" data-widget_type=\"text-editor.default\">\n\t\t\t\t\t\t\t\t\t<p><strong>Costos:<\/strong>\u00a0 El costo de los cursos var\u00eda seg\u00fan la duraci\u00f3n y la carga horaria de los mismos. Adem\u00e1s, hay descuentos para empleados municipales y estudiantes (o menores de 30 a\u00f1os). Tambi\u00e9n hay promociones especiales por abonar el curso en un solo pago.\u00a0 Para conocer los mismos puede comunicarse por mensaje de <strong><a class=\"customize-unpreviewable\" href=\"https:\/\/api.whatsapp.com\/send?phone=5493415211095\">WhatsApp<\/a><\/strong> o por <strong>correo electr\u00f3nico a <a href=\"mailto:asociacionamigosesam@gmail.com\">asociacionamigosesam@gmail.com<\/a><br \/><\/strong><\/p><p><strong>Todos los cursos tienen cupos limitados y se requiere un m\u00ednimo de inscriptos para conformar el grupo.<\/strong><\/p>\t\t\t\t\t\t\t\t<\/div>\n\t\t\t\t\t<\/div>\n\t\t\t\t<\/div>\n\t\t\t\t<\/div>\n\t\t","protected":false},"excerpt":{"rendered":"<p>Las modalidades de los cursos de portugu\u00e9s son VIRTUAL y PRESENCIAL (Nivel 1 y 2). Las inscripciones al 1\u00ba cuatrimestre 2026 comienzan el 9 de febrero. INICIO DE CLASES: 16 de marzo PRESENCIAL VIRTUAL La tradicional forma de ense\u00f1anza denominada educaci\u00f3n presencial tiene como metodolog\u00eda b\u00e1sica las clases en vivo, con horarios fijos e interacci\u00f3n [&hellip;]<\/p>\n","protected":false},"author":6,"featured_media":0,"parent":0,"menu_order":0,"comment_status":"closed","ping_status":"closed","template":"","meta":{"footnotes":""},"class_list":["post-14286","page","type-page","status-publish","hentry"],"_links":{"self":[{"href":"https:\/\/aaesam.com.ar\/sitio\/wp-json\/wp\/v2\/pages\/14286","targetHints":{"allow":["GET"]}}],"collection":[{"href":"https:\/\/aaesam.com.ar\/sitio\/wp-json\/wp\/v2\/pages"}],"about":[{"href":"https:\/\/aaesam.com.ar\/sitio\/wp-json\/wp\/v2\/types\/page"}],"author":[{"embeddable":true,"href":"https:\/\/aaesam.com.ar\/sitio\/wp-json\/wp\/v2\/users\/6"}],"replies":[{"embeddable":true,"href":"https:\/\/aaesam.com.ar\/sitio\/wp-json\/wp\/v2\/comments?post=14286"}],"version-history":[{"count":19,"href":"https:\/\/aaesam.com.ar\/sitio\/wp-json\/wp\/v2\/pages\/14286\/revisions"}],"predecessor-version":[{"id":14472,"href":"https:\/\/aaesam.com.ar\/sitio\/wp-json\/wp\/v2\/pages\/14286\/revisions\/14472"}],"wp:attachment":[{"href":"https:\/\/aaesam.com.ar\/sitio\/wp-json\/wp\/v2\/media?parent=14286"}],"curies":[{"name":"wp","href":"https:\/\/api.w.org\/{rel}","templated":true}]}}