{"id":14229,"date":"2026-01-12T13:53:27","date_gmt":"2026-01-12T16:53:27","guid":{"rendered":"https:\/\/aaesam.com.ar\/sitio\/?page_id=14229"},"modified":"2026-01-19T11:08:41","modified_gmt":"2026-01-19T14:08:41","slug":"quienes-somos","status":"publish","type":"page","link":"https:\/\/aaesam.com.ar\/sitio\/quienes-somos\/","title":{"rendered":"Quienes somos"},"content":{"rendered":"\t\t<div data-elementor-type=\"wp-page\" data-elementor-id=\"14229\" class=\"elementor elementor-14229\">\n\t\t\t\t<div class=\"elementor-element elementor-element-12fc7f5 e-flex e-con-boxed e-con e-parent\" data-id=\"12fc7f5\" data-element_type=\"container\">\n\t\t\t\t\t<div class=\"e-con-inner\">\n\t\t\t\t<div class=\"elementor-element elementor-element-9a37b9d elementor-widget elementor-widget-text-editor\" data-id=\"9a37b9d\" data-element_type=\"widget\" data-widget_type=\"text-editor.default\">\n\t\t\t\t\t\t\t\t\t<p>La<strong> AAESAM<\/strong> es la Asociaci\u00f3n de Amigos de la\u00a0Escuela Superior de Administraci\u00f3n Municipal de la Municipalidad de Rosario (Santa fe, Argentina).<\/p>\t\t\t\t\t\t\t\t<\/div>\n\t\t\t\t<div class=\"elementor-element elementor-element-04b9bea e-n-tabs-mobile elementor-widget elementor-widget-n-tabs\" data-id=\"04b9bea\" data-element_type=\"widget\" data-widget_type=\"nested-tabs.default\">\n\t\t\t\t\t\t\t<div class=\"e-n-tabs\" data-widget-number=\"4955114\" aria-label=\"Pesta\u00f1as. Abre elementos con Intro o Espacio, ci\u00e9rralos con Escape y navega con las fechas.\">\n\t\t\t<div class=\"e-n-tabs-heading\" role=\"tablist\">\n\t\t\t\t\t<button id=\"e-n-tab-title-49551141\" data-tab-title-id=\"e-n-tab-title-49551141\" class=\"e-n-tab-title\" aria-selected=\"true\" data-tab-index=\"1\" role=\"tab\" tabindex=\"0\" aria-controls=\"e-n-tab-content-49551141\" style=\"--n-tabs-title-order: 1;\">\n\t\t\t\t\t\t<span class=\"e-n-tab-title-text\">\n\t\t\t\t\u00bfQU\u00c9 HACEMOS?\t\t\t<\/span>\n\t\t<\/button>\n\t\t\t\t<button id=\"e-n-tab-title-49551142\" data-tab-title-id=\"e-n-tab-title-49551142\" class=\"e-n-tab-title\" aria-selected=\"false\" data-tab-index=\"2\" role=\"tab\" tabindex=\"-1\" aria-controls=\"e-n-tab-content-49551142\" style=\"--n-tabs-title-order: 2;\">\n\t\t\t\t\t\t<span class=\"e-n-tab-title-text\">\n\t\t\t\t\u00bfC\u00d3MO NOS ORGANIZAMOS?\t\t\t<\/span>\n\t\t<\/button>\n\t\t\t\t<button id=\"e-n-tab-title-49551143\" data-tab-title-id=\"e-n-tab-title-49551143\" class=\"e-n-tab-title\" aria-selected=\"false\" data-tab-index=\"3\" role=\"tab\" tabindex=\"-1\" aria-controls=\"e-n-tab-content-49551143\" style=\"--n-tabs-title-order: 3;\">\n\t\t\t\t\t\t<span class=\"e-n-tab-title-text\">\n\t\t\t\t\u00bfC\u00d3MO OBTENEMOS RECURSOS?\t\t\t<\/span>\n\t\t<\/button>\n\t\t\t\t<button id=\"e-n-tab-title-49551144\" data-tab-title-id=\"e-n-tab-title-49551144\" class=\"e-n-tab-title\" aria-selected=\"false\" data-tab-index=\"4\" role=\"tab\" tabindex=\"-1\" aria-controls=\"e-n-tab-content-49551144\" style=\"--n-tabs-title-order: 4;\">\n\t\t\t\t\t\t<span class=\"e-n-tab-title-text\">\n\t\t\t\t\u00bfC\u00d3MO SE PUEDE COLABORAR CON LA AAESAM?\t\t\t<\/span>\n\t\t<\/button>\n\t\t\t\t\t<\/div>\n\t\t\t<div class=\"e-n-tabs-content\">\n\t\t\t\t<div id=\"e-n-tab-content-49551141\" role=\"tabpanel\" aria-labelledby=\"e-n-tab-title-49551141\" data-tab-index=\"1\" style=\"--n-tabs-title-order: 1;\" class=\"e-active elementor-element elementor-element-d205017 e-con-full e-flex e-con e-child\" data-id=\"d205017\" data-element_type=\"container\">\n\t\t\t\t<div class=\"elementor-element elementor-element-8e1c0be elementor-widget elementor-widget-text-editor\" data-id=\"8e1c0be\" data-element_type=\"widget\" data-widget_type=\"text-editor.default\">\n\t\t\t\t\t\t\t\t\t<p>Nuestra organizaci\u00f3n acompa\u00f1a a la Escuela Superior de Administraci\u00f3n Municipal en el cumplimiento de sus objetivos de capacitaci\u00f3n, a trav\u00e9s de la producci\u00f3n de materiales did\u00e1cticos, la incorporaci\u00f3n de tecnolog\u00eda a los espacios \u00e1ulicos y el asesoramiento constante para la innovaci\u00f3n en los planes de Capacitaci\u00f3n sobre Gesti\u00f3n P\u00fablica de ESAM. Adem\u00e1s la Asociaci\u00f3n brinda cursos de Idiomas para adultos.<\/p>\t\t\t\t\t\t\t\t<\/div>\n\t\t\t\t<\/div>\n\t\t<div id=\"e-n-tab-content-49551142\" role=\"tabpanel\" aria-labelledby=\"e-n-tab-title-49551142\" data-tab-index=\"2\" style=\"--n-tabs-title-order: 2;\" class=\" elementor-element elementor-element-bacbdd2 e-con-full e-flex e-con e-child\" data-id=\"bacbdd2\" data-element_type=\"container\">\n\t\t\t\t<div class=\"elementor-element elementor-element-b9860b3 elementor-widget elementor-widget-text-editor\" data-id=\"b9860b3\" data-element_type=\"widget\" data-widget_type=\"text-editor.default\">\n\t\t\t\t\t\t\t\t\t<p>AAESAM cuenta con un grupo de <a href=\"https:\/\/aaesam.com.ar\/sitio\/?page_id=1544&amp;customize_changeset_uuid=b82d1a06-e5bb-4c65-bd13-3dd5f3e174f5&amp;customize_autosaved=on&amp;customize_messenger_channel=preview-1\">Socios<\/a> y\u00a0 una <a href=\"https:\/\/aaesam.com.ar\/sitio\/?page_id=1550&amp;customize_changeset_uuid=b82d1a06-e5bb-4c65-bd13-3dd5f3e174f5&amp;customize_autosaved=on&amp;customize_messenger_channel=preview-1\">Comisi\u00f3n Directiva<\/a> responsable de planificar y monitorear\u00a0 la estrategia de trabajo anual.<\/p><p>Ver <a class=\"customize-unpreviewable\" href=\"https:\/\/aaesam.com.ar\/site\/wp-content\/uploads\/2013\/08\/Estatuto.pdf\">Estatuto.<\/a><\/p>\t\t\t\t\t\t\t\t<\/div>\n\t\t\t\t<\/div>\n\t\t<div id=\"e-n-tab-content-49551143\" role=\"tabpanel\" aria-labelledby=\"e-n-tab-title-49551143\" data-tab-index=\"3\" style=\"--n-tabs-title-order: 3;\" class=\" elementor-element elementor-element-acafc08 e-con-full e-flex e-con e-child\" data-id=\"acafc08\" data-element_type=\"container\">\n\t\t\t\t<div class=\"elementor-element elementor-element-7b8c0af elementor-widget elementor-widget-text-editor\" data-id=\"7b8c0af\" data-element_type=\"widget\" data-widget_type=\"text-editor.default\">\n\t\t\t\t\t\t\t\t\t<p>La <strong>AAESAM<\/strong> es una asociaci\u00f3n sin fines de lucro que obtiene sus recursos a trav\u00e9s de aportes voluntarios:<\/p><ul><li>Cuotas de Socios.<\/li><li>Cuotas de Cursos<\/li><\/ul>\t\t\t\t\t\t\t\t<\/div>\n\t\t\t\t<\/div>\n\t\t<div id=\"e-n-tab-content-49551144\" role=\"tabpanel\" aria-labelledby=\"e-n-tab-title-49551144\" data-tab-index=\"4\" style=\"--n-tabs-title-order: 4;\" class=\" elementor-element elementor-element-278c4c6 e-flex e-con-boxed e-con e-child\" data-id=\"278c4c6\" data-element_type=\"container\">\n\t\t\t\t\t<div class=\"e-con-inner\">\n\t\t\t\t<div class=\"elementor-element elementor-element-7753b90 elementor-widget elementor-widget-text-editor\" data-id=\"7753b90\" data-element_type=\"widget\" data-widget_type=\"text-editor.default\">\n\t\t\t\t\t\t\t\t\t<ul><li>Asoci\u00e1ndose mediante un m\u00ednimo aporte.<\/li><li>Sum\u00e1ndose a los proyectos.<\/li><\/ul>\t\t\t\t\t\t\t\t<\/div>\n\t\t\t\t\t<\/div>\n\t\t\t\t<\/div>\n\t\t\t\t\t<\/div>\n\t\t<\/div>\n\t\t\t\t\t\t<\/div>\n\t\t\t\t\t<\/div>\n\t\t\t\t<\/div>\n\t\t\t\t<\/div>\n\t\t","protected":false},"excerpt":{"rendered":"<p>La AAESAM es la Asociaci\u00f3n de Amigos de la\u00a0Escuela Superior de Administraci\u00f3n Municipal de la Municipalidad de Rosario (Santa fe, Argentina). \u00bfQU\u00c9 HACEMOS? \u00bfC\u00d3MO NOS ORGANIZAMOS? \u00bfC\u00d3MO OBTENEMOS RECURSOS? \u00bfC\u00d3MO SE PUEDE COLABORAR CON LA AAESAM? Nuestra organizaci\u00f3n acompa\u00f1a a la Escuela Superior de Administraci\u00f3n Municipal en el cumplimiento de sus objetivos de capacitaci\u00f3n, a [&hellip;]<\/p>\n","protected":false},"author":6,"featured_media":0,"parent":0,"menu_order":0,"comment_status":"closed","ping_status":"closed","template":"","meta":{"footnotes":""},"class_list":["post-14229","page","type-page","status-publish","hentry"],"_links":{"self":[{"href":"https:\/\/aaesam.com.ar\/sitio\/wp-json\/wp\/v2\/pages\/14229","targetHints":{"allow":["GET"]}}],"collection":[{"href":"https:\/\/aaesam.com.ar\/sitio\/wp-json\/wp\/v2\/pages"}],"about":[{"href":"https:\/\/aaesam.com.ar\/sitio\/wp-json\/wp\/v2\/types\/page"}],"author":[{"embeddable":true,"href":"https:\/\/aaesam.com.ar\/sitio\/wp-json\/wp\/v2\/users\/6"}],"replies":[{"embeddable":true,"href":"https:\/\/aaesam.com.ar\/sitio\/wp-json\/wp\/v2\/comments?post=14229"}],"version-history":[{"count":16,"href":"https:\/\/aaesam.com.ar\/sitio\/wp-json\/wp\/v2\/pages\/14229\/revisions"}],"predecessor-version":[{"id":14385,"href":"https:\/\/aaesam.com.ar\/sitio\/wp-json\/wp\/v2\/pages\/14229\/revisions\/14385"}],"wp:attachment":[{"href":"https:\/\/aaesam.com.ar\/sitio\/wp-json\/wp\/v2\/media?parent=14229"}],"curies":[{"name":"wp","href":"https:\/\/api.w.org\/{rel}","templated":true}]}}